{"id":1664,"date":"2024-02-29T14:02:04","date_gmt":"2024-02-29T14:02:04","guid":{"rendered":"https:\/\/frisk.themegenix.com\/?page_id=1664"},"modified":"2025-02-01T18:06:30","modified_gmt":"2025-02-01T18:06:30","slug":"services-version-01","status":"publish","type":"page","link":"https:\/\/storyka.com.br\/en\/services-version-01\/","title":{"rendered":"Service"},"content":{"rendered":"<div data-elementor-type=\"wp-page\" data-elementor-id=\"1664\" class=\"elementor elementor-1664\" data-elementor-post-type=\"page\">\n\t\t\t\t<div class=\"elementor-element elementor-element-2b8fd3c e-con-full jarallax e-flex e-con e-parent\" data-id=\"2b8fd3c\" data-element_type=\"container\" data-e-type=\"container\" data-settings=\"{&quot;background_background&quot;:&quot;classic&quot;}\">\n\t\t<div class=\"elementor-element elementor-element-3da49ed e-flex e-con-boxed e-con e-child\" data-id=\"3da49ed\" data-element_type=\"container\" data-e-type=\"container\">\n\t\t\t\t\t<div class=\"e-con-inner\">\n\t\t<div class=\"elementor-element elementor-element-40b53e9 e-flex e-con-boxed e-con e-child\" data-id=\"40b53e9\" data-element_type=\"container\" data-e-type=\"container\">\n\t\t\t\t\t<div class=\"e-con-inner\">\n\t\t\t\t<div class=\"elementor-element elementor-element-dc38014 elementor-widget elementor-widget-heading\" data-id=\"dc38014\" data-element_type=\"widget\" data-e-type=\"widget\" data-widget_type=\"heading.default\">\n\t\t\t\t<div class=\"elementor-widget-container\">\n\t\t\t\t\t<h2 class=\"elementor-heading-title elementor-size-default\">Escolha de acordo com seu perfil<\/h2>\t\t\t\t<\/div>\n\t\t\t\t<\/div>\n\t\t\t\t\t<\/div>\n\t\t\t\t<\/div>\n\t\t\t\t<div class=\"elementor-element elementor-element-8195d03 elementor-widget elementor-widget-tg-servicesBox\" data-id=\"8195d03\" data-element_type=\"widget\" data-e-type=\"widget\" data-widget_type=\"tg-servicesBox.default\">\n\t\t\t\t<div class=\"elementor-widget-container\">\n\t\t\t\t\t\r\n        \r\n            <div class=\"row gy-4 justify-content-center\">\r\n                \r\n                                            <div class=\"col-xl-4 col-md-6\">\r\n                            <div class=\"feature-card\">\r\n                                                                                                            <div class=\"feature-card-icon\">\r\n                                            <img decoding=\"async\" src=\"https:\/\/frisk.themegenix.com\/wp-content\/uploads\/2024\/02\/feature-icon1.svg\" alt=\"icon\">\r\n                                        <\/div>\r\n                                                                                                    <h4 class=\"feature-card-title tg-title\">\r\n                                    <a href=\"https:\/\/storyka.com.br\/en\/servi\u00e7os\/para-empresas\/\">For Companies<\/a>\r\n                                <\/h4>\r\n                                                                    <p class=\"feature-card-text\">Strategic content, leadership, and brand identity. <\/p>\r\n                                                                <a href=\"https:\/\/storyka.com.br\/en\/servi\u00e7os\/para-empresas\/\" class=\"link-btn tg-btn\">\r\n                                    <span class=\"link-effect\">\r\n                                        <span class=\"effect-1\">Read more<\/span>\r\n                                        <span class=\"effect-1\">Read more<\/span>\r\n                                    <\/span>\r\n                                    <svg width=\"13\" height=\"13\" viewbox=\"0 0 13 13\" fill=\"none\" xmlns=\"http:\/\/www.w3.org\/2000\/svg\">\r\n                                        <path d=\"M2 11L11.2 1.8M12 11V1H2\" stroke=\"currentColor\" stroke-width=\"2\" stroke-linecap=\"square\" \/>\r\n                                    <\/svg>\r\n                                <\/a>\r\n                            <\/div>\r\n                        <\/div>\r\n                    \r\n                \r\n                                            <div class=\"col-xl-4 col-md-6\">\r\n                            <div class=\"feature-card\">\r\n                                                                                                            <div class=\"feature-card-icon\">\r\n                                            <img decoding=\"async\" src=\"https:\/\/frisk.themegenix.com\/wp-content\/uploads\/2024\/02\/feature-icon2.svg\" alt=\"icon\">\r\n                                        <\/div>\r\n                                                                                                    <h4 class=\"feature-card-title tg-title\">\r\n                                    <a href=\"https:\/\/storyka.com.br\/en\/servi\u00e7os\/para-agencias-consultorias\/\">For Agencies<\/a>\r\n                                <\/h4>\r\n                                                                    <p class=\"feature-card-text\">Support to expand your capacity and better serve your clients.<\/p>\r\n                                                                <a href=\"https:\/\/storyka.com.br\/en\/servi\u00e7os\/para-agencias-consultorias\/\" class=\"link-btn tg-btn\">\r\n                                    <span class=\"link-effect\">\r\n                                        <span class=\"effect-1\">Read more<\/span>\r\n                                        <span class=\"effect-1\">Read more<\/span>\r\n                                    <\/span>\r\n                                    <svg width=\"13\" height=\"13\" viewbox=\"0 0 13 13\" fill=\"none\" xmlns=\"http:\/\/www.w3.org\/2000\/svg\">\r\n                                        <path d=\"M2 11L11.2 1.8M12 11V1H2\" stroke=\"currentColor\" stroke-width=\"2\" stroke-linecap=\"square\" \/>\r\n                                    <\/svg>\r\n                                <\/a>\r\n                            <\/div>\r\n                        <\/div>\r\n                    \r\n                \r\n                                            <div class=\"col-xl-4 col-md-6\">\r\n                            <div class=\"feature-card\">\r\n                                                                                                            <div class=\"feature-card-icon\">\r\n                                            <img decoding=\"async\" src=\"https:\/\/frisk.themegenix.com\/wp-content\/uploads\/2024\/02\/feature-icon3.svg\" alt=\"icon\">\r\n                                        <\/div>\r\n                                                                                                    <h4 class=\"feature-card-title tg-title\">\r\n                                    <a href=\"https:\/\/storyka.com.br\/en\/servi\u00e7os\/para-voce\/\">For You<\/a>\r\n                                <\/h4>\r\n                                                                    <p class=\"feature-card-text\">Stories, books, biographies: turning your personal project into reality.<\/p>\r\n                                                                <a href=\"https:\/\/storyka.com.br\/en\/servi\u00e7os\/para-voce\/\" class=\"link-btn tg-btn\">\r\n                                    <span class=\"link-effect\">\r\n                                        <span class=\"effect-1\">Read more<\/span>\r\n                                        <span class=\"effect-1\">Read more<\/span>\r\n                                    <\/span>\r\n                                    <svg width=\"13\" height=\"13\" viewbox=\"0 0 13 13\" fill=\"none\" xmlns=\"http:\/\/www.w3.org\/2000\/svg\">\r\n                                        <path d=\"M2 11L11.2 1.8M12 11V1H2\" stroke=\"currentColor\" stroke-width=\"2\" stroke-linecap=\"square\" \/>\r\n                                    <\/svg>\r\n                                <\/a>\r\n                            <\/div>\r\n                        <\/div>\r\n                    \r\n                            <\/div>\r\n\r\n        \r\n\t\t\t\t<\/div>\n\t\t\t\t<\/div>\n\t\t\t\t\t<\/div>\n\t\t\t\t<\/div>\n\t\t\t\t<\/div>\n\t\t<div class=\"elementor-element elementor-element-192c6e1 e-flex e-con-boxed e-con e-parent\" data-id=\"192c6e1\" data-element_type=\"container\" data-e-type=\"container\">\n\t\t\t\t\t<div class=\"e-con-inner\">\n\t\t<div class=\"elementor-element elementor-element-2c24c70 e-flex e-con-boxed e-con e-child\" data-id=\"2c24c70\" data-element_type=\"container\" data-e-type=\"container\">\n\t\t\t\t\t<div class=\"e-con-inner\">\n\t\t\t\t<div class=\"elementor-element elementor-element-486ab8f elementor-widget elementor-widget-heading\" data-id=\"486ab8f\" data-element_type=\"widget\" data-e-type=\"widget\" data-widget_type=\"heading.default\">\n\t\t\t\t<div class=\"elementor-widget-container\">\n\t\t\t\t\t<h2 class=\"elementor-heading-title elementor-size-default\">Take a look at some of our projects<\/h2>\t\t\t\t<\/div>\n\t\t\t\t<\/div>\n\t\t\t\t\t<\/div>\n\t\t\t\t<\/div>\n\t\t\t\t<div class=\"elementor-element elementor-element-97c4cfe elementor-widget elementor-widget-tg-portfolio\" data-id=\"97c4cfe\" data-element_type=\"widget\" data-e-type=\"widget\" data-widget_type=\"tg-portfolio.default\">\n\t\t\t\t<div class=\"elementor-widget-container\">\n\t\t\t\t\t\r\n\r\n        \r\n                            <div class=\"row gy-60 gx-60 justify-content-center\">\r\n                                            <div class=\"col-xl-6 col-lg-6\">\r\n                            <div class=\"portfolio-wrap style4\">\r\n                                <div class=\"portfolio-thumb wow img-custom-anim-top\" data-wow-delay=\"0.2s\">\r\n                                    <a href=\"https:\/\/storyka.com.br\/en\/Trabalhos\/banco-safra-175-anos\/\">\r\n                                        <img fetchpriority=\"high\" decoding=\"async\" width=\"573\" height=\"387\" src=\"https:\/\/storyka.com.br\/wp-content\/uploads\/2024\/09\/Safra_716x484.jpg\" class=\"attachment-post-thumbnail size-post-thumbnail wp-post-image\" alt=\"\" srcset=\"https:\/\/storyka.com.br\/wp-content\/uploads\/2024\/09\/Safra_716x484.jpg 573w, https:\/\/storyka.com.br\/wp-content\/uploads\/2024\/09\/Safra_716x484-300x203.jpg 300w\" sizes=\"(max-width: 573px) 100vw, 573px\" \/>                                    <\/a>\r\n                                <\/div>\r\n                                <div class=\"portfolio-details\">\r\n                                    <h3 class=\"portfolio-title tg-title\"><a href=\"https:\/\/storyka.com.br\/en\/Trabalhos\/banco-safra-175-anos\/\">Safra Bank: 175 Years<\/a><\/h3>\r\n                                                                    <\/div>\r\n                            <\/div>\r\n                        <\/div>\r\n                                            <div class=\"col-xl-6 col-lg-6\">\r\n                            <div class=\"portfolio-wrap style4\">\r\n                                <div class=\"portfolio-thumb wow img-custom-anim-top\" data-wow-delay=\"0.2s\">\r\n                                    <a href=\"https:\/\/storyka.com.br\/en\/Trabalhos\/camara-de-comercio-brasil-canada\/\">\r\n                                        <img decoding=\"async\" width=\"573\" height=\"387\" src=\"https:\/\/storyka.com.br\/wp-content\/uploads\/2024\/09\/Camara-de-Comercio-Brasil-Canada_interno-e1732662736366.jpg\" class=\"attachment-post-thumbnail size-post-thumbnail wp-post-image\" alt=\"\" srcset=\"https:\/\/storyka.com.br\/wp-content\/uploads\/2024\/09\/Camara-de-Comercio-Brasil-Canada_interno-e1732662736366.jpg 573w, https:\/\/storyka.com.br\/wp-content\/uploads\/2024\/09\/Camara-de-Comercio-Brasil-Canada_interno-e1732662736366-300x203.jpg 300w\" sizes=\"(max-width: 573px) 100vw, 573px\" \/>                                    <\/a>\r\n                                <\/div>\r\n                                <div class=\"portfolio-details\">\r\n                                    <h3 class=\"portfolio-title tg-title\"><a href=\"https:\/\/storyka.com.br\/en\/Trabalhos\/camara-de-comercio-brasil-canada\/\">Brazil-Canada Chamber of Commerce<\/a><\/h3>\r\n                                                                    <\/div>\r\n                            <\/div>\r\n                        <\/div>\r\n                                            <div class=\"col-xl-6 col-lg-6\">\r\n                            <div class=\"portfolio-wrap style4\">\r\n                                <div class=\"portfolio-thumb wow img-custom-anim-top\" data-wow-delay=\"0.2s\">\r\n                                    <a href=\"https:\/\/storyka.com.br\/en\/Trabalhos\/mattos-filho\/\">\r\n                                        <img decoding=\"async\" width=\"573\" height=\"387\" src=\"https:\/\/storyka.com.br\/wp-content\/uploads\/2024\/09\/Mattos-Filho_716x484.jpg\" class=\"attachment-post-thumbnail size-post-thumbnail wp-post-image\" alt=\"\" srcset=\"https:\/\/storyka.com.br\/wp-content\/uploads\/2024\/09\/Mattos-Filho_716x484.jpg 573w, https:\/\/storyka.com.br\/wp-content\/uploads\/2024\/09\/Mattos-Filho_716x484-300x203.jpg 300w\" sizes=\"(max-width: 573px) 100vw, 573px\" \/>                                    <\/a>\r\n                                <\/div>\r\n                                <div class=\"portfolio-details\">\r\n                                    <h3 class=\"portfolio-title tg-title\"><a href=\"https:\/\/storyka.com.br\/en\/Trabalhos\/mattos-filho\/\">Mattos Filho Law Firm<\/a><\/h3>\r\n                                                                    <\/div>\r\n                            <\/div>\r\n                        <\/div>\r\n                                            <div class=\"col-xl-6 col-lg-6\">\r\n                            <div class=\"portfolio-wrap style4\">\r\n                                <div class=\"portfolio-thumb wow img-custom-anim-top\" data-wow-delay=\"0.2s\">\r\n                                    <a href=\"https:\/\/storyka.com.br\/en\/Trabalhos\/bb-seguro-auto\/\">\r\n                                        <img loading=\"lazy\" decoding=\"async\" width=\"573\" height=\"387\" src=\"https:\/\/storyka.com.br\/wp-content\/uploads\/2024\/09\/bb-seguro-auto-1-rev2.jpg\" class=\"attachment-post-thumbnail size-post-thumbnail wp-post-image\" alt=\"\" srcset=\"https:\/\/storyka.com.br\/wp-content\/uploads\/2024\/09\/bb-seguro-auto-1-rev2.jpg 573w, https:\/\/storyka.com.br\/wp-content\/uploads\/2024\/09\/bb-seguro-auto-1-rev2-300x203.jpg 300w, https:\/\/storyka.com.br\/wp-content\/uploads\/2024\/09\/bb-seguro-auto-1-rev2-18x12.jpg 18w\" sizes=\"(max-width: 573px) 100vw, 573px\" \/>                                    <\/a>\r\n                                <\/div>\r\n                                <div class=\"portfolio-details\">\r\n                                    <h3 class=\"portfolio-title tg-title\"><a href=\"https:\/\/storyka.com.br\/en\/Trabalhos\/bb-seguro-auto\/\">BB Auto Insurance<\/a><\/h3>\r\n                                                                    <\/div>\r\n                            <\/div>\r\n                        <\/div>\r\n                                    <\/div>\r\n            \r\n        \r\n\t\t\t\t<\/div>\n\t\t\t\t<\/div>\n\t\t\t\t<div class=\"elementor-element elementor-element-14d9339 elementor-widget elementor-widget-tg-btn\" data-id=\"14d9339\" data-element_type=\"widget\" data-e-type=\"widget\" data-widget_type=\"tg-btn.default\">\n\t\t\t\t<div class=\"elementor-widget-container\">\n\t\t\t\t\t\r\n\r\n        \r\n                            <a href=\"https:\/\/storyka.com.br\/en\/portfolio-gallery\/\" target=\"_self\" rel=\"nofollow\" class=\"btn tg-btn\">\r\n                    <span class=\"link-effect\">\r\n                        <span class=\"effect-1\">See all projects<\/span>\r\n                        <span class=\"effect-1\">See all projects<\/span>\r\n                    <\/span>\r\n                <\/a>\r\n            \r\n        \r\n\t\t\t\t<\/div>\n\t\t\t\t<\/div>\n\t\t\t\t\t<\/div>\n\t\t\t\t<\/div>\n\t\t<div class=\"elementor-element elementor-element-aca0079 e-con-full e-flex e-con e-parent\" data-id=\"aca0079\" data-element_type=\"container\" data-e-type=\"container\" data-settings=\"{&quot;background_background&quot;:&quot;classic&quot;}\">\n\t\t<div class=\"elementor-element elementor-element-b62c765 e-flex e-con-boxed e-con e-child\" data-id=\"b62c765\" data-element_type=\"container\" data-e-type=\"container\">\n\t\t\t\t\t<div class=\"e-con-inner\">\n\t\t<div class=\"elementor-element elementor-element-28c79c6 e-con-full elementor-hidden-tablet elementor-hidden-mobile e-flex e-con e-child\" data-id=\"28c79c6\" data-element_type=\"container\" data-e-type=\"container\">\n\t\t\t\t<\/div>\n\t\t<div class=\"elementor-element elementor-element-51f3f47 e-con-full e-flex e-con e-child\" data-id=\"51f3f47\" data-element_type=\"container\" data-e-type=\"container\">\n\t\t\t\t<div class=\"elementor-element elementor-element-b738ed4 elementor-widget elementor-widget-heading\" data-id=\"b738ed4\" data-element_type=\"widget\" data-e-type=\"widget\" data-widget_type=\"heading.default\">\n\t\t\t\t<div class=\"elementor-widget-container\">\n\t\t\t\t\t<h2 class=\"elementor-heading-title elementor-size-default\">Share your story with us<\/h2>\t\t\t\t<\/div>\n\t\t\t\t<\/div>\n\t\t\t\t<div class=\"elementor-element elementor-element-2132678 elementor-widget elementor-widget-heading\" data-id=\"2132678\" data-element_type=\"widget\" data-e-type=\"widget\" data-widget_type=\"heading.default\">\n\t\t\t\t<div class=\"elementor-widget-container\">\n\t\t\t\t\t<p class=\"elementor-heading-title elementor-size-default\">We craft stories with strategy to build, connect, and humanize your brand.<\/p>\t\t\t\t<\/div>\n\t\t\t\t<\/div>\n\t\t\t\t<div class=\"elementor-element elementor-element-2bb7037 elementor-widget elementor-widget-shortcode\" data-id=\"2bb7037\" data-element_type=\"widget\" data-e-type=\"widget\" data-widget_type=\"shortcode.default\">\n\t\t\t\t<div class=\"elementor-widget-container\">\n\t\t\t\t\t\t\t<div class=\"elementor-shortcode\">\n<div class=\"wpcf7 no-js\" id=\"wpcf7-f2218-o1\" lang=\"en-US\" dir=\"ltr\" data-wpcf7-id=\"2218\">\n<div class=\"screen-reader-response\"><p role=\"status\" aria-live=\"polite\" aria-atomic=\"true\"><\/p> <ul><\/ul><\/div>\n<form action=\"\/en\/wp-json\/wp\/v2\/pages\/1664#wpcf7-f2218-o1\" method=\"post\" class=\"wpcf7-form init\" aria-label=\"Contact form\" novalidate=\"novalidate\" data-status=\"init\" data-trp-original-action=\"\/en\/wp-json\/wp\/v2\/pages\/1664#wpcf7-f2218-o1\">\n<fieldset class=\"hidden-fields-container\"><input type=\"hidden\" name=\"_wpcf7\" value=\"2218\" \/><input type=\"hidden\" name=\"_wpcf7_version\" value=\"6.1.5\" \/><input type=\"hidden\" name=\"_wpcf7_locale\" value=\"en_US\" \/><input type=\"hidden\" name=\"_wpcf7_unit_tag\" value=\"wpcf7-f2218-o1\" \/><input type=\"hidden\" name=\"_wpcf7_container_post\" value=\"0\" \/><input type=\"hidden\" name=\"_wpcf7_posted_data_hash\" value=\"\" \/>\n<\/fieldset>\n<div class=\"contact-form\">\n    <div class=\"row\">\n        <div class=\"col-md-6\">\n            <div class=\"form-group\">\n                <span class=\"wpcf7-form-control-wrap\" data-name=\"your-name\"><input size=\"40\" maxlength=\"400\" class=\"wpcf7-form-control wpcf7-text wpcf7-validates-as-required form-control style-border\" aria-required=\"true\" aria-invalid=\"false\" placeholder=\"Your name*\" value=\"\" type=\"text\" name=\"your-name\" \/><\/span>\n            <\/div>\n        <\/div>\n        <div class=\"col-md-6\">\n            <div class=\"form-group\">\n                <span class=\"wpcf7-form-control-wrap\" data-name=\"your-email\"><input size=\"40\" maxlength=\"400\" class=\"wpcf7-form-control wpcf7-email wpcf7-validates-as-required wpcf7-text wpcf7-validates-as-email form-control style-border\" aria-required=\"true\" aria-invalid=\"false\" placeholder=\"Email*\" value=\"\" type=\"email\" name=\"your-email\" \/><\/span>\n            <\/div>\n        <\/div>\n        <div class=\"col-lg-12\">\n            <div class=\"form-group\">\n                <span class=\"wpcf7-form-control-wrap\" data-name=\"your-website\"><input size=\"40\" maxlength=\"400\" class=\"wpcf7-form-control wpcf7-text form-control style-border\" aria-invalid=\"false\" placeholder=\"Url Website\" value=\"\" type=\"text\" name=\"your-website\" \/><\/span>\n            <\/div>\n        <\/div>\n        <div class=\"col-lg-12\">\n            <div class=\"form-group\">\n                <span class=\"wpcf7-form-control-wrap\" data-name=\"your-message\"><textarea cols=\"40\" rows=\"10\" maxlength=\"2000\" class=\"wpcf7-form-control wpcf7-textarea wpcf7-validates-as-required form-control style-border\" aria-required=\"true\" aria-invalid=\"false\" placeholder=\"How can we help you*\" name=\"your-message\"><\/textarea><\/span>\n            <\/div>\n        <\/div>\n    <\/div>\n    <div class=\"form-btn col-12\">\n        <button type=\"Enviar Agora\" class=\"btn mt-20\">\n            <span class=\"link-effect\">\n                <span class=\"effect-1\">Send your message<\/span>\n                <span class=\"effect-1\">Send your message<\/span>\n            <\/span>\n        <\/button>\n    <\/div>\n<\/div><p style=\"display: none !important;\" class=\"akismet-fields-container\" data-prefix=\"_wpcf7_ak_\"><label>&#916;<textarea name=\"_wpcf7_ak_hp_textarea\" cols=\"45\" rows=\"8\" maxlength=\"100\"><\/textarea><\/label><input type=\"hidden\" id=\"ak_js_1\" name=\"_wpcf7_ak_js\" value=\"157\"\/><script>document.getElementById( \"ak_js_1\" ).setAttribute( \"value\", ( new Date() ).getTime() );<\/script><\/p><div class=\"wpcf7-response-output\" aria-hidden=\"true\"><\/div>\n<input type=\"hidden\" name=\"trp-form-language\" value=\"en\"\/><\/form>\n<\/div>\n<\/div>\n\t\t\t\t\t\t<\/div>\n\t\t\t\t<\/div>\n\t\t\t\t<\/div>\n\t\t\t\t\t<\/div>\n\t\t\t\t<\/div>\n\t\t\t\t<\/div>\n\t\t\t\t<\/div>","protected":false},"excerpt":{"rendered":"<p>Escolha de acordo com seu perfil Para empresas Conte\u00fado estrat\u00e9gico, lideran\u00e7a e identidade de marca VER DETALHES VER DETALHES Para ag\u00eancias Suporte para ampliar a capacidade de atendimento a seus clientes VER DETALHES VER DETALHES Para voc\u00ea Hist\u00f3rias, livros, biografias: seu projeto pessoal na pr\u00e1tica VER DETALHES VER DETALHES Confira alguns dos nossos projetos Banco [&hellip;]<\/p>\n","protected":false},"author":1,"featured_media":0,"parent":0,"menu_order":0,"comment_status":"closed","ping_status":"closed","template":"elementor_header_footer","meta":{"_acf_changed":false,"_joinchat":[],"footnotes":""},"class_list":["post-1664","page","type-page","status-publish","hentry"],"acf":[],"_links":{"self":[{"href":"https:\/\/storyka.com.br\/en\/wp-json\/wp\/v2\/pages\/1664","targetHints":{"allow":["GET"]}}],"collection":[{"href":"https:\/\/storyka.com.br\/en\/wp-json\/wp\/v2\/pages"}],"about":[{"href":"https:\/\/storyka.com.br\/en\/wp-json\/wp\/v2\/types\/page"}],"author":[{"embeddable":true,"href":"https:\/\/storyka.com.br\/en\/wp-json\/wp\/v2\/users\/1"}],"replies":[{"embeddable":true,"href":"https:\/\/storyka.com.br\/en\/wp-json\/wp\/v2\/comments?post=1664"}],"version-history":[{"count":26,"href":"https:\/\/storyka.com.br\/en\/wp-json\/wp\/v2\/pages\/1664\/revisions"}],"predecessor-version":[{"id":3096,"href":"https:\/\/storyka.com.br\/en\/wp-json\/wp\/v2\/pages\/1664\/revisions\/3096"}],"wp:attachment":[{"href":"https:\/\/storyka.com.br\/en\/wp-json\/wp\/v2\/media?parent=1664"}],"curies":[{"name":"wp","href":"https:\/\/api.w.org\/{rel}","templated":true}]}}