{"id":1775,"date":"2024-03-01T07:01:43","date_gmt":"2024-03-01T07:01:43","guid":{"rendered":"https:\/\/frisk.themegenix.com\/?page_id=1775"},"modified":"2025-01-31T15:13:52","modified_gmt":"2025-01-31T15:13:52","slug":"portfolio-gallery","status":"publish","type":"page","link":"https:\/\/storyka.com.br\/en\/portfolio-gallery\/","title":{"rendered":"Portfolio"},"content":{"rendered":"<div data-elementor-type=\"wp-page\" data-elementor-id=\"1775\" class=\"elementor elementor-1775\" data-elementor-post-type=\"page\">\n\t\t\t\t<div class=\"elementor-element elementor-element-1aa03d6 e-flex e-con-boxed e-con e-parent\" data-id=\"1aa03d6\" data-element_type=\"container\" data-e-type=\"container\">\n\t\t\t\t\t<div class=\"e-con-inner\">\n\t\t\t\t<div class=\"elementor-element elementor-element-373027b elementor-widget elementor-widget-tg-portfolio\" data-id=\"373027b\" data-element_type=\"widget\" data-e-type=\"widget\" data-widget_type=\"tg-portfolio.default\">\n\t\t\t\t<div class=\"elementor-widget-container\">\n\t\t\t\t\t\r\n\r\n        \r\n                            <div class=\"row gy-60 gx-60 justify-content-center\">\r\n                                            <div class=\"col-xl-6 col-lg-6\">\r\n                            <div class=\"portfolio-wrap style4\">\r\n                                <div class=\"portfolio-thumb wow img-custom-anim-top\" data-wow-delay=\"0.2s\">\r\n                                    <a href=\"https:\/\/storyka.com.br\/en\/Trabalhos\/banco-safra-175-anos\/\">\r\n                                        <img fetchpriority=\"high\" decoding=\"async\" width=\"573\" height=\"387\" src=\"https:\/\/storyka.com.br\/wp-content\/uploads\/2024\/09\/Safra_716x484.jpg\" class=\"attachment-post-thumbnail size-post-thumbnail wp-post-image\" alt=\"\" srcset=\"https:\/\/storyka.com.br\/wp-content\/uploads\/2024\/09\/Safra_716x484.jpg 573w, https:\/\/storyka.com.br\/wp-content\/uploads\/2024\/09\/Safra_716x484-300x203.jpg 300w\" sizes=\"(max-width: 573px) 100vw, 573px\" \/>                                    <\/a>\r\n                                <\/div>\r\n                                <div class=\"portfolio-details\">\r\n                                    <h3 class=\"portfolio-title tg-title\"><a href=\"https:\/\/storyka.com.br\/en\/Trabalhos\/banco-safra-175-anos\/\">Safra Bank: 175 Years<\/a><\/h3>\r\n                                                                    <\/div>\r\n                            <\/div>\r\n                        <\/div>\r\n                                            <div class=\"col-xl-6 col-lg-6\">\r\n                            <div class=\"portfolio-wrap style4\">\r\n                                <div class=\"portfolio-thumb wow img-custom-anim-top\" data-wow-delay=\"0.2s\">\r\n                                    <a href=\"https:\/\/storyka.com.br\/en\/Trabalhos\/camara-de-comercio-brasil-canada\/\">\r\n                                        <img decoding=\"async\" width=\"573\" height=\"387\" src=\"https:\/\/storyka.com.br\/wp-content\/uploads\/2024\/09\/Camara-de-Comercio-Brasil-Canada_interno-e1732662736366.jpg\" class=\"attachment-post-thumbnail size-post-thumbnail wp-post-image\" alt=\"\" srcset=\"https:\/\/storyka.com.br\/wp-content\/uploads\/2024\/09\/Camara-de-Comercio-Brasil-Canada_interno-e1732662736366.jpg 573w, https:\/\/storyka.com.br\/wp-content\/uploads\/2024\/09\/Camara-de-Comercio-Brasil-Canada_interno-e1732662736366-300x203.jpg 300w\" sizes=\"(max-width: 573px) 100vw, 573px\" \/>                                    <\/a>\r\n                                <\/div>\r\n                                <div class=\"portfolio-details\">\r\n                                    <h3 class=\"portfolio-title tg-title\"><a href=\"https:\/\/storyka.com.br\/en\/Trabalhos\/camara-de-comercio-brasil-canada\/\">Brazil-Canada Chamber of Commerce<\/a><\/h3>\r\n                                                                    <\/div>\r\n                            <\/div>\r\n                        <\/div>\r\n                                            <div class=\"col-xl-6 col-lg-6\">\r\n                            <div class=\"portfolio-wrap style4\">\r\n                                <div class=\"portfolio-thumb wow img-custom-anim-top\" data-wow-delay=\"0.2s\">\r\n                                    <a href=\"https:\/\/storyka.com.br\/en\/Trabalhos\/mattos-filho\/\">\r\n                                        <img decoding=\"async\" width=\"573\" height=\"387\" src=\"https:\/\/storyka.com.br\/wp-content\/uploads\/2024\/09\/Mattos-Filho_716x484.jpg\" class=\"attachment-post-thumbnail size-post-thumbnail wp-post-image\" alt=\"\" srcset=\"https:\/\/storyka.com.br\/wp-content\/uploads\/2024\/09\/Mattos-Filho_716x484.jpg 573w, https:\/\/storyka.com.br\/wp-content\/uploads\/2024\/09\/Mattos-Filho_716x484-300x203.jpg 300w\" sizes=\"(max-width: 573px) 100vw, 573px\" \/>                                    <\/a>\r\n                                <\/div>\r\n                                <div class=\"portfolio-details\">\r\n                                    <h3 class=\"portfolio-title tg-title\"><a href=\"https:\/\/storyka.com.br\/en\/Trabalhos\/mattos-filho\/\">Mattos Filho Law Firm<\/a><\/h3>\r\n                                                                    <\/div>\r\n                            <\/div>\r\n                        <\/div>\r\n                                            <div class=\"col-xl-6 col-lg-6\">\r\n                            <div class=\"portfolio-wrap style4\">\r\n                                <div class=\"portfolio-thumb wow img-custom-anim-top\" data-wow-delay=\"0.2s\">\r\n                                    <a href=\"https:\/\/storyka.com.br\/en\/Trabalhos\/bb-seguro-auto\/\">\r\n                                        <img loading=\"lazy\" decoding=\"async\" width=\"573\" height=\"387\" src=\"https:\/\/storyka.com.br\/wp-content\/uploads\/2024\/09\/bb-seguro-auto-1-rev2.jpg\" class=\"attachment-post-thumbnail size-post-thumbnail wp-post-image\" alt=\"\" srcset=\"https:\/\/storyka.com.br\/wp-content\/uploads\/2024\/09\/bb-seguro-auto-1-rev2.jpg 573w, https:\/\/storyka.com.br\/wp-content\/uploads\/2024\/09\/bb-seguro-auto-1-rev2-300x203.jpg 300w, https:\/\/storyka.com.br\/wp-content\/uploads\/2024\/09\/bb-seguro-auto-1-rev2-18x12.jpg 18w\" sizes=\"(max-width: 573px) 100vw, 573px\" \/>                                    <\/a>\r\n                                <\/div>\r\n                                <div class=\"portfolio-details\">\r\n                                    <h3 class=\"portfolio-title tg-title\"><a href=\"https:\/\/storyka.com.br\/en\/Trabalhos\/bb-seguro-auto\/\">BB Auto Insurance<\/a><\/h3>\r\n                                                                    <\/div>\r\n                            <\/div>\r\n                        <\/div>\r\n                                            <div class=\"col-xl-6 col-lg-6\">\r\n                            <div class=\"portfolio-wrap style4\">\r\n                                <div class=\"portfolio-thumb wow img-custom-anim-top\" data-wow-delay=\"0.2s\">\r\n                                    <a href=\"https:\/\/storyka.com.br\/en\/Trabalhos\/puc-rio\/\">\r\n                                        <img loading=\"lazy\" decoding=\"async\" width=\"573\" height=\"387\" src=\"https:\/\/storyka.com.br\/wp-content\/uploads\/2024\/09\/PUC-Rio_716x484.jpg\" class=\"attachment-post-thumbnail size-post-thumbnail wp-post-image\" alt=\"\" srcset=\"https:\/\/storyka.com.br\/wp-content\/uploads\/2024\/09\/PUC-Rio_716x484.jpg 573w, https:\/\/storyka.com.br\/wp-content\/uploads\/2024\/09\/PUC-Rio_716x484-300x203.jpg 300w\" sizes=\"(max-width: 573px) 100vw, 573px\" \/>                                    <\/a>\r\n                                <\/div>\r\n                                <div class=\"portfolio-details\">\r\n                                    <h3 class=\"portfolio-title tg-title\"><a href=\"https:\/\/storyka.com.br\/en\/Trabalhos\/puc-rio\/\">PUC-Rio<\/a><\/h3>\r\n                                                                    <\/div>\r\n                            <\/div>\r\n                        <\/div>\r\n                                            <div class=\"col-xl-6 col-lg-6\">\r\n                            <div class=\"portfolio-wrap style4\">\r\n                                <div class=\"portfolio-thumb wow img-custom-anim-top\" data-wow-delay=\"0.2s\">\r\n                                    <a href=\"https:\/\/storyka.com.br\/en\/Trabalhos\/firjan\/\">\r\n                                        <img loading=\"lazy\" decoding=\"async\" width=\"573\" height=\"387\" src=\"https:\/\/storyka.com.br\/wp-content\/uploads\/2024\/09\/Firjan_716x484.jpg\" class=\"attachment-post-thumbnail size-post-thumbnail wp-post-image\" alt=\"\" srcset=\"https:\/\/storyka.com.br\/wp-content\/uploads\/2024\/09\/Firjan_716x484.jpg 573w, https:\/\/storyka.com.br\/wp-content\/uploads\/2024\/09\/Firjan_716x484-300x203.jpg 300w\" sizes=\"(max-width: 573px) 100vw, 573px\" \/>                                    <\/a>\r\n                                <\/div>\r\n                                <div class=\"portfolio-details\">\r\n                                    <h3 class=\"portfolio-title tg-title\"><a href=\"https:\/\/storyka.com.br\/en\/Trabalhos\/firjan\/\">Firjan<\/a><\/h3>\r\n                                                                    <\/div>\r\n                            <\/div>\r\n                        <\/div>\r\n                                            <div class=\"col-xl-6 col-lg-6\">\r\n                            <div class=\"portfolio-wrap style4\">\r\n                                <div class=\"portfolio-thumb wow img-custom-anim-top\" data-wow-delay=\"0.2s\">\r\n                                    <a href=\"https:\/\/storyka.com.br\/en\/Trabalhos\/portal-terra\/\">\r\n                                        <img loading=\"lazy\" decoding=\"async\" width=\"573\" height=\"387\" src=\"https:\/\/storyka.com.br\/wp-content\/uploads\/2024\/09\/Portal-Terra_716x484.jpg\" class=\"attachment-post-thumbnail size-post-thumbnail wp-post-image\" alt=\"\" srcset=\"https:\/\/storyka.com.br\/wp-content\/uploads\/2024\/09\/Portal-Terra_716x484.jpg 573w, https:\/\/storyka.com.br\/wp-content\/uploads\/2024\/09\/Portal-Terra_716x484-300x203.jpg 300w\" sizes=\"(max-width: 573px) 100vw, 573px\" \/>                                    <\/a>\r\n                                <\/div>\r\n                                <div class=\"portfolio-details\">\r\n                                    <h3 class=\"portfolio-title tg-title\"><a href=\"https:\/\/storyka.com.br\/en\/Trabalhos\/portal-terra\/\">Portal Terra<\/a><\/h3>\r\n                                                                    <\/div>\r\n                            <\/div>\r\n                        <\/div>\r\n                                            <div class=\"col-xl-6 col-lg-6\">\r\n                            <div class=\"portfolio-wrap style4\">\r\n                                <div class=\"portfolio-thumb wow img-custom-anim-top\" data-wow-delay=\"0.2s\">\r\n                                    <a href=\"https:\/\/storyka.com.br\/en\/Trabalhos\/reserva\/\">\r\n                                        <img loading=\"lazy\" decoding=\"async\" width=\"573\" height=\"387\" src=\"https:\/\/storyka.com.br\/wp-content\/uploads\/2024\/09\/Reserva-1rev2.jpg\" class=\"attachment-post-thumbnail size-post-thumbnail wp-post-image\" alt=\"\" srcset=\"https:\/\/storyka.com.br\/wp-content\/uploads\/2024\/09\/Reserva-1rev2.jpg 573w, https:\/\/storyka.com.br\/wp-content\/uploads\/2024\/09\/Reserva-1rev2-300x203.jpg 300w, https:\/\/storyka.com.br\/wp-content\/uploads\/2024\/09\/Reserva-1rev2-18x12.jpg 18w\" sizes=\"(max-width: 573px) 100vw, 573px\" \/>                                    <\/a>\r\n                                <\/div>\r\n                                <div class=\"portfolio-details\">\r\n                                    <h3 class=\"portfolio-title tg-title\"><a href=\"https:\/\/storyka.com.br\/en\/Trabalhos\/reserva\/\">Reserva<\/a><\/h3>\r\n                                                                    <\/div>\r\n                            <\/div>\r\n                        <\/div>\r\n                                            <div class=\"col-xl-6 col-lg-6\">\r\n                            <div class=\"portfolio-wrap style4\">\r\n                                <div class=\"portfolio-thumb wow img-custom-anim-top\" data-wow-delay=\"0.2s\">\r\n                                    <a href=\"https:\/\/storyka.com.br\/en\/Trabalhos\/responder\/\">\r\n                                        <img loading=\"lazy\" decoding=\"async\" width=\"1280\" height=\"1052\" src=\"https:\/\/storyka.com.br\/wp-content\/uploads\/2024\/09\/Responder-e1732662280724.jpg\" class=\"attachment-post-thumbnail size-post-thumbnail wp-post-image\" alt=\"\" srcset=\"https:\/\/storyka.com.br\/wp-content\/uploads\/2024\/09\/Responder-e1732662280724.jpg 1280w, https:\/\/storyka.com.br\/wp-content\/uploads\/2024\/09\/Responder-e1732662280724-300x247.jpg 300w, https:\/\/storyka.com.br\/wp-content\/uploads\/2024\/09\/Responder-e1732662280724-1024x842.jpg 1024w, https:\/\/storyka.com.br\/wp-content\/uploads\/2024\/09\/Responder-e1732662280724-768x631.jpg 768w, https:\/\/storyka.com.br\/wp-content\/uploads\/2024\/09\/Responder-e1732662280724-15x12.jpg 15w\" sizes=\"(max-width: 1280px) 100vw, 1280px\" \/>                                    <\/a>\r\n                                <\/div>\r\n                                <div class=\"portfolio-details\">\r\n                                    <h3 class=\"portfolio-title tg-title\"><a href=\"https:\/\/storyka.com.br\/en\/Trabalhos\/responder\/\">Responder<\/a><\/h3>\r\n                                                                    <\/div>\r\n                            <\/div>\r\n                        <\/div>\r\n                                            <div class=\"col-xl-6 col-lg-6\">\r\n                            <div class=\"portfolio-wrap style4\">\r\n                                <div class=\"portfolio-thumb wow img-custom-anim-top\" data-wow-delay=\"0.2s\">\r\n                                    <a href=\"https:\/\/storyka.com.br\/en\/Trabalhos\/abc-paulista\/\">\r\n                                        <img loading=\"lazy\" decoding=\"async\" width=\"573\" height=\"387\" src=\"https:\/\/storyka.com.br\/wp-content\/uploads\/2024\/09\/ABC-Paulista_716x484.jpg\" class=\"attachment-post-thumbnail size-post-thumbnail wp-post-image\" alt=\"\" srcset=\"https:\/\/storyka.com.br\/wp-content\/uploads\/2024\/09\/ABC-Paulista_716x484.jpg 573w, https:\/\/storyka.com.br\/wp-content\/uploads\/2024\/09\/ABC-Paulista_716x484-300x203.jpg 300w\" sizes=\"(max-width: 573px) 100vw, 573px\" \/>                                    <\/a>\r\n                                <\/div>\r\n                                <div class=\"portfolio-details\">\r\n                                    <h3 class=\"portfolio-title tg-title\"><a href=\"https:\/\/storyka.com.br\/en\/Trabalhos\/abc-paulista\/\">ABC Paulista<\/a><\/h3>\r\n                                                                    <\/div>\r\n                            <\/div>\r\n                        <\/div>\r\n                                            <div class=\"col-xl-6 col-lg-6\">\r\n                            <div class=\"portfolio-wrap style4\">\r\n                                <div class=\"portfolio-thumb wow img-custom-anim-top\" data-wow-delay=\"0.2s\">\r\n                                    <a href=\"https:\/\/storyka.com.br\/en\/Trabalhos\/amor-do-mundo\/\">\r\n                                        <img loading=\"lazy\" decoding=\"async\" width=\"573\" height=\"387\" src=\"https:\/\/storyka.com.br\/wp-content\/uploads\/2024\/09\/Amor-do-Mundo_716x484.jpg\" class=\"attachment-post-thumbnail size-post-thumbnail wp-post-image\" alt=\"\" srcset=\"https:\/\/storyka.com.br\/wp-content\/uploads\/2024\/09\/Amor-do-Mundo_716x484.jpg 573w, https:\/\/storyka.com.br\/wp-content\/uploads\/2024\/09\/Amor-do-Mundo_716x484-300x203.jpg 300w\" sizes=\"(max-width: 573px) 100vw, 573px\" \/>                                    <\/a>\r\n                                <\/div>\r\n                                <div class=\"portfolio-details\">\r\n                                    <h3 class=\"portfolio-title tg-title\"><a href=\"https:\/\/storyka.com.br\/en\/Trabalhos\/amor-do-mundo\/\">Amor do Mundo<\/a><\/h3>\r\n                                                                    <\/div>\r\n                            <\/div>\r\n                        <\/div>\r\n                                            <div class=\"col-xl-6 col-lg-6\">\r\n                            <div class=\"portfolio-wrap style4\">\r\n                                <div class=\"portfolio-thumb wow img-custom-anim-top\" data-wow-delay=\"0.2s\">\r\n                                    <a href=\"https:\/\/storyka.com.br\/en\/Trabalhos\/ricordi\/\">\r\n                                        <img loading=\"lazy\" decoding=\"async\" width=\"573\" height=\"387\" src=\"https:\/\/storyka.com.br\/wp-content\/uploads\/2024\/09\/Ricordi_716x484.jpg\" class=\"attachment-post-thumbnail size-post-thumbnail wp-post-image\" alt=\"\" srcset=\"https:\/\/storyka.com.br\/wp-content\/uploads\/2024\/09\/Ricordi_716x484.jpg 573w, https:\/\/storyka.com.br\/wp-content\/uploads\/2024\/09\/Ricordi_716x484-300x203.jpg 300w\" sizes=\"(max-width: 573px) 100vw, 573px\" \/>                                    <\/a>\r\n                                <\/div>\r\n                                <div class=\"portfolio-details\">\r\n                                    <h3 class=\"portfolio-title tg-title\"><a href=\"https:\/\/storyka.com.br\/en\/Trabalhos\/ricordi\/\">Ricordi<\/a><\/h3>\r\n                                                                    <\/div>\r\n                            <\/div>\r\n                        <\/div>\r\n                                            <div class=\"col-xl-6 col-lg-6\">\r\n                            <div class=\"portfolio-wrap style4\">\r\n                                <div class=\"portfolio-thumb wow img-custom-anim-top\" data-wow-delay=\"0.2s\">\r\n                                    <a href=\"https:\/\/storyka.com.br\/en\/Trabalhos\/memorias-de-um-menino-sobrevivente-da-shoa\/\">\r\n                                        <img loading=\"lazy\" decoding=\"async\" width=\"573\" height=\"387\" src=\"https:\/\/storyka.com.br\/wp-content\/uploads\/2024\/09\/Memorias-de-um-menino-sobrevivente_716x484.jpg\" class=\"attachment-post-thumbnail size-post-thumbnail wp-post-image\" alt=\"\" srcset=\"https:\/\/storyka.com.br\/wp-content\/uploads\/2024\/09\/Memorias-de-um-menino-sobrevivente_716x484.jpg 573w, https:\/\/storyka.com.br\/wp-content\/uploads\/2024\/09\/Memorias-de-um-menino-sobrevivente_716x484-300x203.jpg 300w\" sizes=\"(max-width: 573px) 100vw, 573px\" \/>                                    <\/a>\r\n                                <\/div>\r\n                                <div class=\"portfolio-details\">\r\n                                    <h3 class=\"portfolio-title tg-title\"><a href=\"https:\/\/storyka.com.br\/en\/Trabalhos\/memorias-de-um-menino-sobrevivente-da-shoa\/\">Memoirs of a Shoah Survivor<\/a><\/h3>\r\n                                                                    <\/div>\r\n                            <\/div>\r\n                        <\/div>\r\n                                            <div class=\"col-xl-6 col-lg-6\">\r\n                            <div class=\"portfolio-wrap style4\">\r\n                                <div class=\"portfolio-thumb wow img-custom-anim-top\" data-wow-delay=\"0.2s\">\r\n                                    <a href=\"https:\/\/storyka.com.br\/en\/Trabalhos\/revista-pagina-22\/\">\r\n                                        <img loading=\"lazy\" decoding=\"async\" width=\"573\" height=\"387\" src=\"https:\/\/storyka.com.br\/wp-content\/uploads\/2024\/09\/Pagina-22_716x484.jpg\" class=\"attachment-post-thumbnail size-post-thumbnail wp-post-image\" alt=\"\" srcset=\"https:\/\/storyka.com.br\/wp-content\/uploads\/2024\/09\/Pagina-22_716x484.jpg 573w, https:\/\/storyka.com.br\/wp-content\/uploads\/2024\/09\/Pagina-22_716x484-300x203.jpg 300w\" sizes=\"(max-width: 573px) 100vw, 573px\" \/>                                    <\/a>\r\n                                <\/div>\r\n                                <div class=\"portfolio-details\">\r\n                                    <h3 class=\"portfolio-title tg-title\"><a href=\"https:\/\/storyka.com.br\/en\/Trabalhos\/revista-pagina-22\/\">P\u00e1gina 22 Magazine<\/a><\/h3>\r\n                                                                    <\/div>\r\n                            <\/div>\r\n                        <\/div>\r\n                                    <\/div>\r\n            \r\n        \r\n\t\t\t\t<\/div>\n\t\t\t\t<\/div>\n\t\t\t\t\t<\/div>\n\t\t\t\t<\/div>\n\t\t\t\t<\/div>","protected":false},"excerpt":{"rendered":"<p>Banco Safra 175 Anos C\u00e2mara de Com\u00e9rcio Brasil-Canad\u00e1 Mattos Filho BB Seguro Auto PUC-Rio Firjan Portal Terra 10bet Responder ABC Paulista Amor do Mundo Ricordi Nunca mais! Mem\u00f3rias de um menino sobrevivente da Sho\u00e1 Revista P\u00e1gina 22<\/p>","protected":false},"author":1,"featured_media":0,"parent":0,"menu_order":0,"comment_status":"closed","ping_status":"closed","template":"elementor_header_footer","meta":{"_acf_changed":false,"_joinchat":[],"footnotes":""},"class_list":["post-1775","page","type-page","status-publish","hentry"],"acf":[],"_links":{"self":[{"href":"https:\/\/storyka.com.br\/en\/wp-json\/wp\/v2\/pages\/1775","targetHints":{"allow":["GET"]}}],"collection":[{"href":"https:\/\/storyka.com.br\/en\/wp-json\/wp\/v2\/pages"}],"about":[{"href":"https:\/\/storyka.com.br\/en\/wp-json\/wp\/v2\/types\/page"}],"author":[{"embeddable":true,"href":"https:\/\/storyka.com.br\/en\/wp-json\/wp\/v2\/users\/1"}],"replies":[{"embeddable":true,"href":"https:\/\/storyka.com.br\/en\/wp-json\/wp\/v2\/comments?post=1775"}],"version-history":[{"count":15,"href":"https:\/\/storyka.com.br\/en\/wp-json\/wp\/v2\/pages\/1775\/revisions"}],"predecessor-version":[{"id":3039,"href":"https:\/\/storyka.com.br\/en\/wp-json\/wp\/v2\/pages\/1775\/revisions\/3039"}],"wp:attachment":[{"href":"https:\/\/storyka.com.br\/en\/wp-json\/wp\/v2\/media?parent=1775"}],"curies":[{"name":"wp","href":"https:\/\/api.w.org\/{rel}","templated":true}]}}